{"id":23,"date":"2023-07-30T18:47:45","date_gmt":"2023-07-30T18:47:45","guid":{"rendered":"https:\/\/remerasparasublimar.ar\/?page_id=23"},"modified":"2024-09-09T23:42:48","modified_gmt":"2024-09-09T23:42:48","slug":"gorras-para-sublimar","status":"publish","type":"page","link":"https:\/\/remerasparasublimar.ar\/index.php\/gorras-para-sublimar\/","title":{"rendered":"Gorras para Sublimar"},"content":{"rendered":"\t\t<div data-elementor-type=\"wp-page\" data-elementor-id=\"23\" class=\"elementor elementor-23\">\n\t\t\t\t\t\t<section class=\"elementor-section elementor-top-section elementor-element elementor-element-147537a elementor-section-boxed elementor-section-height-default elementor-section-height-default\" data-id=\"147537a\" data-element_type=\"section\">\n\t\t\t\t\t\t<div class=\"elementor-container elementor-column-gap-default\">\n\t\t\t\t\t<div class=\"elementor-column elementor-col-100 elementor-top-column elementor-element elementor-element-b69ad7d\" data-id=\"b69ad7d\" data-element_type=\"column\">\n\t\t\t<div class=\"elementor-widget-wrap elementor-element-populated\">\n\t\t\t\t\t\t<div class=\"elementor-element elementor-element-5f14461 elementor-widget elementor-widget-heading\" data-id=\"5f14461\" data-element_type=\"widget\" data-widget_type=\"heading.default\">\n\t\t\t\t<div class=\"elementor-widget-container\">\n\t\t\t\t\t<h1 class=\"elementor-heading-title elementor-size-default\">Gorras para Sublimar: Un Toque de Originalidad\n<\/h1>\t\t\t\t<\/div>\n\t\t\t\t<\/div>\n\t\t\t\t\t<\/div>\n\t\t<\/div>\n\t\t\t\t\t<\/div>\n\t\t<\/section>\n\t\t\t\t<section class=\"elementor-section elementor-top-section elementor-element elementor-element-1adb837 elementor-section-boxed elementor-section-height-default elementor-section-height-default\" data-id=\"1adb837\" data-element_type=\"section\">\n\t\t\t\t\t\t<div class=\"elementor-container elementor-column-gap-default\">\n\t\t\t\t\t<div class=\"elementor-column elementor-col-100 elementor-top-column elementor-element elementor-element-ded8fee\" data-id=\"ded8fee\" data-element_type=\"column\">\n\t\t\t<div class=\"elementor-widget-wrap elementor-element-populated\">\n\t\t\t\t\t\t<div class=\"elementor-element elementor-element-d615bb8 elementor-widget elementor-widget-heading\" data-id=\"d615bb8\" data-element_type=\"widget\" data-widget_type=\"heading.default\">\n\t\t\t\t<div class=\"elementor-widget-container\">\n\t\t\t\t\t<h3 class=\"elementor-heading-title elementor-size-default\">Dise\u00f1a tus Gorras Sublimadas con Nosotros\n<\/h3>\t\t\t\t<\/div>\n\t\t\t\t<\/div>\n\t\t\t\t\t<\/div>\n\t\t<\/div>\n\t\t\t\t\t<\/div>\n\t\t<\/section>\n\t\t\t\t<section class=\"elementor-section elementor-top-section elementor-element elementor-element-8f03e69 elementor-section-boxed elementor-section-height-default elementor-section-height-default\" data-id=\"8f03e69\" data-element_type=\"section\">\n\t\t\t\t\t\t<div class=\"elementor-container elementor-column-gap-default\">\n\t\t\t\t\t<div class=\"elementor-column elementor-col-100 elementor-top-column elementor-element elementor-element-6149e66\" data-id=\"6149e66\" data-element_type=\"column\">\n\t\t\t<div class=\"elementor-widget-wrap elementor-element-populated\">\n\t\t\t\t\t\t<div class=\"elementor-element elementor-element-6a59ea5 elementor-widget elementor-widget-heading\" data-id=\"6a59ea5\" data-element_type=\"widget\" data-widget_type=\"heading.default\">\n\t\t\t\t<div class=\"elementor-widget-container\">\n\t\t\t\t\t<h2 class=\"elementor-heading-title elementor-size-default\">Gorras Sublimadas al Por Mayor\n<\/h2>\t\t\t\t<\/div>\n\t\t\t\t<\/div>\n\t\t\t\t\t<\/div>\n\t\t<\/div>\n\t\t\t\t\t<\/div>\n\t\t<\/section>\n\t\t\t\t<section class=\"elementor-section elementor-top-section elementor-element elementor-element-d5734fe elementor-section-boxed elementor-section-height-default elementor-section-height-default\" data-id=\"d5734fe\" data-element_type=\"section\">\n\t\t\t\t\t\t<div class=\"elementor-container elementor-column-gap-default\">\n\t\t\t\t\t<div class=\"elementor-column elementor-col-50 elementor-top-column elementor-element elementor-element-bc19a82\" data-id=\"bc19a82\" data-element_type=\"column\">\n\t\t\t<div class=\"elementor-widget-wrap elementor-element-populated\">\n\t\t\t\t\t\t<div class=\"elementor-element elementor-element-ee78c2a elementor-widget elementor-widget-image\" data-id=\"ee78c2a\" data-element_type=\"widget\" data-widget_type=\"image.default\">\n\t\t\t\t<div class=\"elementor-widget-container\">\n\t\t\t\t\t\t\t\t\t\t\t\t\t\t\t<img fetchpriority=\"high\" decoding=\"async\" width=\"310\" height=\"500\" src=\"https:\/\/remerasparasublimar.ar\/wp-content\/uploads\/2024\/03\/remeras-para-sublimar-8.jpg\" class=\"attachment-large size-large wp-image-37\" alt=\"\" srcset=\"https:\/\/remerasparasublimar.ar\/wp-content\/uploads\/2024\/03\/remeras-para-sublimar-8.jpg 310w, https:\/\/remerasparasublimar.ar\/wp-content\/uploads\/2024\/03\/remeras-para-sublimar-8-186x300.jpg 186w\" sizes=\"(max-width: 310px) 100vw, 310px\" \/>\t\t\t\t\t\t\t\t\t\t\t\t\t\t\t<\/div>\n\t\t\t\t<\/div>\n\t\t\t\t\t<\/div>\n\t\t<\/div>\n\t\t\t\t<div class=\"elementor-column elementor-col-50 elementor-top-column elementor-element elementor-element-7206e43\" data-id=\"7206e43\" data-element_type=\"column\">\n\t\t\t<div class=\"elementor-widget-wrap elementor-element-populated\">\n\t\t\t\t\t\t<div class=\"elementor-element elementor-element-5c53777 elementor-widget elementor-widget-image\" data-id=\"5c53777\" data-element_type=\"widget\" data-widget_type=\"image.default\">\n\t\t\t\t<div class=\"elementor-widget-container\">\n\t\t\t\t\t\t\t\t\t\t\t\t\t\t\t<img decoding=\"async\" width=\"408\" height=\"611\" src=\"https:\/\/remerasparasublimar.ar\/wp-content\/uploads\/2024\/03\/remeras-para-sublimar-2.jpg\" class=\"attachment-large size-large wp-image-31\" alt=\"\" srcset=\"https:\/\/remerasparasublimar.ar\/wp-content\/uploads\/2024\/03\/remeras-para-sublimar-2.jpg 408w, https:\/\/remerasparasublimar.ar\/wp-content\/uploads\/2024\/03\/remeras-para-sublimar-2-200x300.jpg 200w\" sizes=\"(max-width: 408px) 100vw, 408px\" \/>\t\t\t\t\t\t\t\t\t\t\t\t\t\t\t<\/div>\n\t\t\t\t<\/div>\n\t\t\t\t\t<\/div>\n\t\t<\/div>\n\t\t\t\t\t<\/div>\n\t\t<\/section>\n\t\t\t\t<\/div>\n\t\t","protected":false},"excerpt":{"rendered":"<p>Gorras para Sublimar: Un Toque de Originalidad Dise\u00f1a tus Gorras Sublimadas con Nosotros Gorras Sublimadas al Por Mayor<\/p>\n","protected":false},"author":1,"featured_media":0,"parent":0,"menu_order":0,"comment_status":"closed","ping_status":"closed","template":"page-templates\/template-pagebuilder-full-width.php","meta":{"neve_meta_sidebar":"","neve_meta_container":"","neve_meta_enable_content_width":"","neve_meta_content_width":0,"neve_meta_title_alignment":"","neve_meta_author_avatar":"","neve_post_elements_order":"","neve_meta_disable_header":"","neve_meta_disable_footer":"","neve_meta_disable_title":"","_joinchat":[],"footnotes":""},"class_list":["post-23","page","type-page","status-publish","hentry"],"yoast_head":"<!-- This site is optimized with the Yoast SEO plugin v25.3.1 - https:\/\/yoast.com\/wordpress\/plugins\/seo\/ -->\n<title>Gorras para sublimar : Mercado Argetina<\/title>\n<meta name=\"description\" content=\"Descubre nuestras gorras para sublimar de alta calidad a precios incre\u00edbles \ud83d\udc8e\ud83d\udc55. No esperes m\u00e1s y haz tu pedido con env\u00edo r\u00e1pido.\" \/>\n<meta name=\"robots\" content=\"index, follow, max-snippet:-1, max-image-preview:large, max-video-preview:-1\" \/>\n<link rel=\"canonical\" href=\"https:\/\/remerasparasublimar.ar\/index.php\/gorras-para-sublimar\/\" \/>\n<meta property=\"og:locale\" content=\"es_ES\" \/>\n<meta property=\"og:type\" content=\"article\" \/>\n<meta property=\"og:title\" content=\"Gorras para sublimar : Mercado Argetina\" \/>\n<meta property=\"og:description\" content=\"Descubre nuestras gorras para sublimar de alta calidad a precios incre\u00edbles \ud83d\udc8e\ud83d\udc55. No esperes m\u00e1s y haz tu pedido con env\u00edo r\u00e1pido.\" \/>\n<meta property=\"og:url\" content=\"https:\/\/remerasparasublimar.ar\/index.php\/gorras-para-sublimar\/\" \/>\n<meta property=\"og:site_name\" content=\"Remeras para Sublimar\" \/>\n<meta property=\"article:modified_time\" content=\"2024-09-09T23:42:48+00:00\" \/>\n<meta property=\"og:image\" content=\"http:\/\/remerasparasublimar.ar\/wp-content\/uploads\/2024\/03\/remeras-para-sublimar-8.jpg\" \/>\n<meta name=\"twitter:card\" content=\"summary_large_image\" \/>\n<meta name=\"twitter:label1\" content=\"Tiempo de lectura\" \/>\n\t<meta name=\"twitter:data1\" content=\"1 minuto\" \/>\n<script type=\"application\/ld+json\" class=\"yoast-schema-graph\">{\"@context\":\"https:\/\/schema.org\",\"@graph\":[{\"@type\":\"WebPage\",\"@id\":\"https:\/\/remerasparasublimar.ar\/index.php\/gorras-para-sublimar\/\",\"url\":\"https:\/\/remerasparasublimar.ar\/index.php\/gorras-para-sublimar\/\",\"name\":\"Gorras para sublimar : Mercado Argetina\",\"isPartOf\":{\"@id\":\"https:\/\/remerasparasublimar.ar\/#website\"},\"primaryImageOfPage\":{\"@id\":\"https:\/\/remerasparasublimar.ar\/index.php\/gorras-para-sublimar\/#primaryimage\"},\"image\":{\"@id\":\"https:\/\/remerasparasublimar.ar\/index.php\/gorras-para-sublimar\/#primaryimage\"},\"thumbnailUrl\":\"http:\/\/remerasparasublimar.ar\/wp-content\/uploads\/2024\/03\/remeras-para-sublimar-8.jpg\",\"datePublished\":\"2023-07-30T18:47:45+00:00\",\"dateModified\":\"2024-09-09T23:42:48+00:00\",\"description\":\"Descubre nuestras gorras para sublimar de alta calidad a precios incre\u00edbles \ud83d\udc8e\ud83d\udc55. No esperes m\u00e1s y haz tu pedido con env\u00edo r\u00e1pido.\",\"breadcrumb\":{\"@id\":\"https:\/\/remerasparasublimar.ar\/index.php\/gorras-para-sublimar\/#breadcrumb\"},\"inLanguage\":\"es\",\"potentialAction\":[{\"@type\":\"ReadAction\",\"target\":[\"https:\/\/remerasparasublimar.ar\/index.php\/gorras-para-sublimar\/\"]}]},{\"@type\":\"ImageObject\",\"inLanguage\":\"es\",\"@id\":\"https:\/\/remerasparasublimar.ar\/index.php\/gorras-para-sublimar\/#primaryimage\",\"url\":\"http:\/\/remerasparasublimar.ar\/wp-content\/uploads\/2024\/03\/remeras-para-sublimar-8.jpg\",\"contentUrl\":\"http:\/\/remerasparasublimar.ar\/wp-content\/uploads\/2024\/03\/remeras-para-sublimar-8.jpg\"},{\"@type\":\"BreadcrumbList\",\"@id\":\"https:\/\/remerasparasublimar.ar\/index.php\/gorras-para-sublimar\/#breadcrumb\",\"itemListElement\":[{\"@type\":\"ListItem\",\"position\":1,\"name\":\"Portada\",\"item\":\"https:\/\/remerasparasublimar.ar\/\"},{\"@type\":\"ListItem\",\"position\":2,\"name\":\"Gorras para Sublimar\"}]},{\"@type\":\"WebSite\",\"@id\":\"https:\/\/remerasparasublimar.ar\/#website\",\"url\":\"https:\/\/remerasparasublimar.ar\/\",\"name\":\"Remeras para Sublimar\",\"description\":\"Remeras para sublimar directo de f\u00e1brica\",\"potentialAction\":[{\"@type\":\"SearchAction\",\"target\":{\"@type\":\"EntryPoint\",\"urlTemplate\":\"https:\/\/remerasparasublimar.ar\/?s={search_term_string}\"},\"query-input\":{\"@type\":\"PropertyValueSpecification\",\"valueRequired\":true,\"valueName\":\"search_term_string\"}}],\"inLanguage\":\"es\"}]}<\/script>\n<!-- \/ Yoast SEO plugin. -->","yoast_head_json":{"title":"Gorras para sublimar : Mercado Argetina","description":"Descubre nuestras gorras para sublimar de alta calidad a precios incre\u00edbles \ud83d\udc8e\ud83d\udc55. No esperes m\u00e1s y haz tu pedido con env\u00edo r\u00e1pido.","robots":{"index":"index","follow":"follow","max-snippet":"max-snippet:-1","max-image-preview":"max-image-preview:large","max-video-preview":"max-video-preview:-1"},"canonical":"https:\/\/remerasparasublimar.ar\/index.php\/gorras-para-sublimar\/","og_locale":"es_ES","og_type":"article","og_title":"Gorras para sublimar : Mercado Argetina","og_description":"Descubre nuestras gorras para sublimar de alta calidad a precios incre\u00edbles \ud83d\udc8e\ud83d\udc55. No esperes m\u00e1s y haz tu pedido con env\u00edo r\u00e1pido.","og_url":"https:\/\/remerasparasublimar.ar\/index.php\/gorras-para-sublimar\/","og_site_name":"Remeras para Sublimar","article_modified_time":"2024-09-09T23:42:48+00:00","og_image":[{"url":"http:\/\/remerasparasublimar.ar\/wp-content\/uploads\/2024\/03\/remeras-para-sublimar-8.jpg","type":"","width":"","height":""}],"twitter_card":"summary_large_image","twitter_misc":{"Tiempo de lectura":"1 minuto"},"schema":{"@context":"https:\/\/schema.org","@graph":[{"@type":"WebPage","@id":"https:\/\/remerasparasublimar.ar\/index.php\/gorras-para-sublimar\/","url":"https:\/\/remerasparasublimar.ar\/index.php\/gorras-para-sublimar\/","name":"Gorras para sublimar : Mercado Argetina","isPartOf":{"@id":"https:\/\/remerasparasublimar.ar\/#website"},"primaryImageOfPage":{"@id":"https:\/\/remerasparasublimar.ar\/index.php\/gorras-para-sublimar\/#primaryimage"},"image":{"@id":"https:\/\/remerasparasublimar.ar\/index.php\/gorras-para-sublimar\/#primaryimage"},"thumbnailUrl":"http:\/\/remerasparasublimar.ar\/wp-content\/uploads\/2024\/03\/remeras-para-sublimar-8.jpg","datePublished":"2023-07-30T18:47:45+00:00","dateModified":"2024-09-09T23:42:48+00:00","description":"Descubre nuestras gorras para sublimar de alta calidad a precios incre\u00edbles \ud83d\udc8e\ud83d\udc55. No esperes m\u00e1s y haz tu pedido con env\u00edo r\u00e1pido.","breadcrumb":{"@id":"https:\/\/remerasparasublimar.ar\/index.php\/gorras-para-sublimar\/#breadcrumb"},"inLanguage":"es","potentialAction":[{"@type":"ReadAction","target":["https:\/\/remerasparasublimar.ar\/index.php\/gorras-para-sublimar\/"]}]},{"@type":"ImageObject","inLanguage":"es","@id":"https:\/\/remerasparasublimar.ar\/index.php\/gorras-para-sublimar\/#primaryimage","url":"http:\/\/remerasparasublimar.ar\/wp-content\/uploads\/2024\/03\/remeras-para-sublimar-8.jpg","contentUrl":"http:\/\/remerasparasublimar.ar\/wp-content\/uploads\/2024\/03\/remeras-para-sublimar-8.jpg"},{"@type":"BreadcrumbList","@id":"https:\/\/remerasparasublimar.ar\/index.php\/gorras-para-sublimar\/#breadcrumb","itemListElement":[{"@type":"ListItem","position":1,"name":"Portada","item":"https:\/\/remerasparasublimar.ar\/"},{"@type":"ListItem","position":2,"name":"Gorras para Sublimar"}]},{"@type":"WebSite","@id":"https:\/\/remerasparasublimar.ar\/#website","url":"https:\/\/remerasparasublimar.ar\/","name":"Remeras para Sublimar","description":"Remeras para sublimar directo de f\u00e1brica","potentialAction":[{"@type":"SearchAction","target":{"@type":"EntryPoint","urlTemplate":"https:\/\/remerasparasublimar.ar\/?s={search_term_string}"},"query-input":{"@type":"PropertyValueSpecification","valueRequired":true,"valueName":"search_term_string"}}],"inLanguage":"es"}]}},"_links":{"self":[{"href":"https:\/\/remerasparasublimar.ar\/index.php\/wp-json\/wp\/v2\/pages\/23"}],"collection":[{"href":"https:\/\/remerasparasublimar.ar\/index.php\/wp-json\/wp\/v2\/pages"}],"about":[{"href":"https:\/\/remerasparasublimar.ar\/index.php\/wp-json\/wp\/v2\/types\/page"}],"author":[{"embeddable":true,"href":"https:\/\/remerasparasublimar.ar\/index.php\/wp-json\/wp\/v2\/users\/1"}],"replies":[{"embeddable":true,"href":"https:\/\/remerasparasublimar.ar\/index.php\/wp-json\/wp\/v2\/comments?post=23"}],"version-history":[{"count":10,"href":"https:\/\/remerasparasublimar.ar\/index.php\/wp-json\/wp\/v2\/pages\/23\/revisions"}],"predecessor-version":[{"id":102,"href":"https:\/\/remerasparasublimar.ar\/index.php\/wp-json\/wp\/v2\/pages\/23\/revisions\/102"}],"wp:attachment":[{"href":"https:\/\/remerasparasublimar.ar\/index.php\/wp-json\/wp\/v2\/media?parent=23"}],"curies":[{"name":"wp","href":"https:\/\/api.w.org\/{rel}","templated":true}]}}