{"id":56,"date":"2024-03-13T14:30:21","date_gmt":"2024-03-13T14:30:21","guid":{"rendered":"https:\/\/remerasparasublimar.ar\/?page_id=56"},"modified":"2024-03-13T15:32:25","modified_gmt":"2024-03-13T15:32:25","slug":"remera-sublimable","status":"publish","type":"page","link":"https:\/\/remerasparasublimar.ar\/index.php\/remera-sublimable\/","title":{"rendered":"Remeras Sublimable: Descubre la Magia de la Personalizaci\u00f3n"},"content":{"rendered":"\t\t<div data-elementor-type=\"wp-page\" data-elementor-id=\"56\" class=\"elementor elementor-56\">\n\t\t\t\t\t\t<section class=\"elementor-section elementor-top-section elementor-element elementor-element-123a7b2 elementor-section-boxed elementor-section-height-default elementor-section-height-default\" data-id=\"123a7b2\" data-element_type=\"section\">\n\t\t\t\t\t\t<div class=\"elementor-container elementor-column-gap-default\">\n\t\t\t\t\t<div class=\"elementor-column elementor-col-100 elementor-top-column elementor-element elementor-element-a33b258\" data-id=\"a33b258\" data-element_type=\"column\">\n\t\t\t<div class=\"elementor-widget-wrap elementor-element-populated\">\n\t\t\t\t\t\t<div class=\"elementor-element elementor-element-edfbdc1 elementor-widget elementor-widget-heading\" data-id=\"edfbdc1\" data-element_type=\"widget\" data-widget_type=\"heading.default\">\n\t\t\t\t<div class=\"elementor-widget-container\">\n\t\t\t\t\t<h2 class=\"elementor-heading-title elementor-size-default\">Personalizaci\u00f3n Exclusiva: Remeras para Sublimar de Primera<\/h2>\t\t\t\t<\/div>\n\t\t\t\t<\/div>\n\t\t\t\t\t<\/div>\n\t\t<\/div>\n\t\t\t\t\t<\/div>\n\t\t<\/section>\n\t\t\t\t<section class=\"elementor-section elementor-top-section elementor-element elementor-element-97675ba elementor-section-boxed elementor-section-height-default elementor-section-height-default\" data-id=\"97675ba\" data-element_type=\"section\">\n\t\t\t\t\t\t<div class=\"elementor-container elementor-column-gap-default\">\n\t\t\t\t\t<div class=\"elementor-column elementor-col-25 elementor-top-column elementor-element elementor-element-7e1f5ce\" data-id=\"7e1f5ce\" data-element_type=\"column\">\n\t\t\t<div class=\"elementor-widget-wrap elementor-element-populated\">\n\t\t\t\t\t\t<div class=\"elementor-element elementor-element-05ed268 elementor-widget elementor-widget-image\" data-id=\"05ed268\" data-element_type=\"widget\" data-widget_type=\"image.default\">\n\t\t\t\t<div class=\"elementor-widget-container\">\n\t\t\t\t\t\t\t\t\t\t\t\t\t\t\t<img fetchpriority=\"high\" decoding=\"async\" width=\"612\" height=\"408\" src=\"https:\/\/remerasparasublimar.ar\/wp-content\/uploads\/2024\/03\/remeras-para-sublimar-1.jpg\" class=\"attachment-large size-large wp-image-30\" alt=\"\" srcset=\"https:\/\/remerasparasublimar.ar\/wp-content\/uploads\/2024\/03\/remeras-para-sublimar-1.jpg 612w, https:\/\/remerasparasublimar.ar\/wp-content\/uploads\/2024\/03\/remeras-para-sublimar-1-300x200.jpg 300w\" sizes=\"(max-width: 612px) 100vw, 612px\" \/>\t\t\t\t\t\t\t\t\t\t\t\t\t\t\t<\/div>\n\t\t\t\t<\/div>\n\t\t\t\t\t<\/div>\n\t\t<\/div>\n\t\t\t\t<div class=\"elementor-column elementor-col-25 elementor-top-column elementor-element elementor-element-401ca15\" data-id=\"401ca15\" data-element_type=\"column\">\n\t\t\t<div class=\"elementor-widget-wrap elementor-element-populated\">\n\t\t\t\t\t\t<div class=\"elementor-element elementor-element-c7ab336 elementor-widget elementor-widget-image\" data-id=\"c7ab336\" data-element_type=\"widget\" data-widget_type=\"image.default\">\n\t\t\t\t<div class=\"elementor-widget-container\">\n\t\t\t\t\t\t\t\t\t\t\t\t\t\t\t<img decoding=\"async\" width=\"150\" height=\"150\" src=\"https:\/\/remerasparasublimar.ar\/wp-content\/uploads\/2024\/03\/remeras-para-sublimar-2-150x150.jpg\" class=\"attachment-thumbnail size-thumbnail wp-image-31\" alt=\"\" \/>\t\t\t\t\t\t\t\t\t\t\t\t\t\t\t<\/div>\n\t\t\t\t<\/div>\n\t\t\t\t\t<\/div>\n\t\t<\/div>\n\t\t\t\t<div class=\"elementor-column elementor-col-25 elementor-top-column elementor-element elementor-element-c6a2a3f\" data-id=\"c6a2a3f\" data-element_type=\"column\">\n\t\t\t<div class=\"elementor-widget-wrap elementor-element-populated\">\n\t\t\t\t\t\t<div class=\"elementor-element elementor-element-f8f60cd elementor-widget elementor-widget-image\" data-id=\"f8f60cd\" data-element_type=\"widget\" data-widget_type=\"image.default\">\n\t\t\t\t<div class=\"elementor-widget-container\">\n\t\t\t\t\t\t\t\t\t\t\t\t\t\t\t<img decoding=\"async\" width=\"150\" height=\"150\" src=\"https:\/\/remerasparasublimar.ar\/wp-content\/uploads\/2024\/03\/remeras-para-sublimar-3-150x150.jpg\" class=\"attachment-thumbnail size-thumbnail wp-image-32\" alt=\"\" \/>\t\t\t\t\t\t\t\t\t\t\t\t\t\t\t<\/div>\n\t\t\t\t<\/div>\n\t\t\t\t\t<\/div>\n\t\t<\/div>\n\t\t\t\t<div class=\"elementor-column elementor-col-25 elementor-top-column elementor-element elementor-element-0d60b51\" data-id=\"0d60b51\" data-element_type=\"column\">\n\t\t\t<div class=\"elementor-widget-wrap elementor-element-populated\">\n\t\t\t\t\t\t<div class=\"elementor-element elementor-element-9ab4310 elementor-widget elementor-widget-image\" data-id=\"9ab4310\" data-element_type=\"widget\" data-widget_type=\"image.default\">\n\t\t\t\t<div class=\"elementor-widget-container\">\n\t\t\t\t\t\t\t\t\t\t\t\t\t\t\t<img loading=\"lazy\" decoding=\"async\" width=\"150\" height=\"150\" src=\"https:\/\/remerasparasublimar.ar\/wp-content\/uploads\/2024\/03\/remeras-para-sublimar-5-150x150.jpg\" class=\"attachment-thumbnail size-thumbnail wp-image-34\" alt=\"\" \/>\t\t\t\t\t\t\t\t\t\t\t\t\t\t\t<\/div>\n\t\t\t\t<\/div>\n\t\t\t\t\t<\/div>\n\t\t<\/div>\n\t\t\t\t\t<\/div>\n\t\t<\/section>\n\t\t\t\t<section class=\"elementor-section elementor-top-section elementor-element elementor-element-1f76657 elementor-section-boxed elementor-section-height-default elementor-section-height-default\" data-id=\"1f76657\" data-element_type=\"section\">\n\t\t\t\t\t\t<div class=\"elementor-container elementor-column-gap-default\">\n\t\t\t\t\t<div class=\"elementor-column elementor-col-100 elementor-top-column elementor-element elementor-element-b823c15\" data-id=\"b823c15\" data-element_type=\"column\">\n\t\t\t<div class=\"elementor-widget-wrap elementor-element-populated\">\n\t\t\t\t\t\t<div class=\"elementor-element elementor-element-48c8a07 elementor-widget elementor-widget-text-editor\" data-id=\"48c8a07\" data-element_type=\"widget\" data-widget_type=\"text-editor.default\">\n\t\t\t\t<div class=\"elementor-widget-container\">\n\t\t\t\t\t\t\t\t\t<p>Remeras para Sublimar: Estilo y comodidad se fusionan en nuestras prendas sublimables. Descubre c\u00f3mo cada remera refleja tu personalidad de manera \u00fanica.<\/p>\t\t\t\t\t\t\t\t<\/div>\n\t\t\t\t<\/div>\n\t\t\t\t\t<\/div>\n\t\t<\/div>\n\t\t\t\t\t<\/div>\n\t\t<\/section>\n\t\t\t\t<section class=\"elementor-section elementor-top-section elementor-element elementor-element-3986817 elementor-section-boxed elementor-section-height-default elementor-section-height-default\" data-id=\"3986817\" data-element_type=\"section\">\n\t\t\t\t\t\t<div class=\"elementor-container elementor-column-gap-default\">\n\t\t\t\t\t<div class=\"elementor-column elementor-col-100 elementor-top-column elementor-element elementor-element-cbd31b7\" data-id=\"cbd31b7\" data-element_type=\"column\">\n\t\t\t<div class=\"elementor-widget-wrap elementor-element-populated\">\n\t\t\t\t\t\t<div class=\"elementor-element elementor-element-b53a616 elementor-widget elementor-widget-heading\" data-id=\"b53a616\" data-element_type=\"widget\" data-widget_type=\"heading.default\">\n\t\t\t\t<div class=\"elementor-widget-container\">\n\t\t\t\t\t<h3 class=\"elementor-heading-title elementor-size-default\">Dise\u00f1a tu Moda con Remeras para Sublimar de Alta Calidad<\/h3>\t\t\t\t<\/div>\n\t\t\t\t<\/div>\n\t\t\t\t\t<\/div>\n\t\t<\/div>\n\t\t\t\t\t<\/div>\n\t\t<\/section>\n\t\t\t\t<section class=\"elementor-section elementor-top-section elementor-element elementor-element-e95743e elementor-section-boxed elementor-section-height-default elementor-section-height-default\" data-id=\"e95743e\" data-element_type=\"section\">\n\t\t\t\t\t\t<div class=\"elementor-container elementor-column-gap-default\">\n\t\t\t\t\t<div class=\"elementor-column elementor-col-100 elementor-top-column elementor-element elementor-element-eeb02e3\" data-id=\"eeb02e3\" data-element_type=\"column\">\n\t\t\t<div class=\"elementor-widget-wrap elementor-element-populated\">\n\t\t\t\t\t\t<div class=\"elementor-element elementor-element-8dc4715 elementor-widget elementor-widget-text-editor\" data-id=\"8dc4715\" data-element_type=\"widget\" data-widget_type=\"text-editor.default\">\n\t\t\t\t<div class=\"elementor-widget-container\">\n\t\t\t\t\t\t\t\t\t<p>Remeras para Sublimar: Crea tendencia con nuestras prendas de calidad. Desde colores vibrantes hasta estampados exclusivos, tu estilo personalizado comienza aqu\u00ed.<\/p>\t\t\t\t\t\t\t\t<\/div>\n\t\t\t\t<\/div>\n\t\t\t\t\t<\/div>\n\t\t<\/div>\n\t\t\t\t\t<\/div>\n\t\t<\/section>\n\t\t\t\t<section class=\"elementor-section elementor-top-section elementor-element elementor-element-2ca9019 elementor-section-boxed elementor-section-height-default elementor-section-height-default\" data-id=\"2ca9019\" data-element_type=\"section\">\n\t\t\t\t\t\t<div class=\"elementor-container elementor-column-gap-default\">\n\t\t\t\t\t<div class=\"elementor-column elementor-col-25 elementor-top-column elementor-element elementor-element-8840c58\" data-id=\"8840c58\" data-element_type=\"column\">\n\t\t\t<div class=\"elementor-widget-wrap elementor-element-populated\">\n\t\t\t\t\t\t<div class=\"elementor-element elementor-element-92384b4 elementor-widget elementor-widget-image\" data-id=\"92384b4\" data-element_type=\"widget\" data-widget_type=\"image.default\">\n\t\t\t\t<div class=\"elementor-widget-container\">\n\t\t\t\t\t\t\t\t\t\t\t\t\t\t\t<img loading=\"lazy\" decoding=\"async\" width=\"186\" height=\"300\" src=\"https:\/\/remerasparasublimar.ar\/wp-content\/uploads\/2024\/03\/remeras-para-sublimar-8-186x300.jpg\" class=\"attachment-medium size-medium wp-image-37\" alt=\"\" srcset=\"https:\/\/remerasparasublimar.ar\/wp-content\/uploads\/2024\/03\/remeras-para-sublimar-8-186x300.jpg 186w, https:\/\/remerasparasublimar.ar\/wp-content\/uploads\/2024\/03\/remeras-para-sublimar-8.jpg 310w\" sizes=\"(max-width: 186px) 100vw, 186px\" \/>\t\t\t\t\t\t\t\t\t\t\t\t\t\t\t<\/div>\n\t\t\t\t<\/div>\n\t\t\t\t\t<\/div>\n\t\t<\/div>\n\t\t\t\t<div class=\"elementor-column elementor-col-25 elementor-top-column elementor-element elementor-element-1eb23f7\" data-id=\"1eb23f7\" data-element_type=\"column\">\n\t\t\t<div class=\"elementor-widget-wrap elementor-element-populated\">\n\t\t\t\t\t\t<div class=\"elementor-element elementor-element-2175912 elementor-widget elementor-widget-image\" data-id=\"2175912\" data-element_type=\"widget\" data-widget_type=\"image.default\">\n\t\t\t\t<div class=\"elementor-widget-container\">\n\t\t\t\t\t\t\t\t\t\t\t\t\t\t\t<img loading=\"lazy\" decoding=\"async\" width=\"500\" height=\"500\" src=\"https:\/\/remerasparasublimar.ar\/wp-content\/uploads\/2024\/03\/remeras-para-sublimar-6.jpg\" class=\"attachment-large size-large wp-image-35\" alt=\"remera-para-sublimar\" srcset=\"https:\/\/remerasparasublimar.ar\/wp-content\/uploads\/2024\/03\/remeras-para-sublimar-6.jpg 500w, https:\/\/remerasparasublimar.ar\/wp-content\/uploads\/2024\/03\/remeras-para-sublimar-6-300x300.jpg 300w, https:\/\/remerasparasublimar.ar\/wp-content\/uploads\/2024\/03\/remeras-para-sublimar-6-150x150.jpg 150w\" sizes=\"(max-width: 500px) 100vw, 500px\" \/>\t\t\t\t\t\t\t\t\t\t\t\t\t\t\t<\/div>\n\t\t\t\t<\/div>\n\t\t\t\t\t<\/div>\n\t\t<\/div>\n\t\t\t\t<div class=\"elementor-column elementor-col-25 elementor-top-column elementor-element elementor-element-d4b3e88\" data-id=\"d4b3e88\" data-element_type=\"column\">\n\t\t\t<div class=\"elementor-widget-wrap elementor-element-populated\">\n\t\t\t\t\t\t<div class=\"elementor-element elementor-element-9baa1be elementor-widget elementor-widget-image\" data-id=\"9baa1be\" data-element_type=\"widget\" data-widget_type=\"image.default\">\n\t\t\t\t<div class=\"elementor-widget-container\">\n\t\t\t\t\t\t\t\t\t\t\t\t\t\t\t<img loading=\"lazy\" decoding=\"async\" width=\"500\" height=\"500\" src=\"https:\/\/remerasparasublimar.ar\/wp-content\/uploads\/2024\/03\/remeras-para-sublimar-7.jpg\" class=\"attachment-large size-large wp-image-36\" alt=\"\" srcset=\"https:\/\/remerasparasublimar.ar\/wp-content\/uploads\/2024\/03\/remeras-para-sublimar-7.jpg 500w, https:\/\/remerasparasublimar.ar\/wp-content\/uploads\/2024\/03\/remeras-para-sublimar-7-300x300.jpg 300w, https:\/\/remerasparasublimar.ar\/wp-content\/uploads\/2024\/03\/remeras-para-sublimar-7-150x150.jpg 150w\" sizes=\"(max-width: 500px) 100vw, 500px\" \/>\t\t\t\t\t\t\t\t\t\t\t\t\t\t\t<\/div>\n\t\t\t\t<\/div>\n\t\t\t\t\t<\/div>\n\t\t<\/div>\n\t\t\t\t<div class=\"elementor-column elementor-col-25 elementor-top-column elementor-element elementor-element-85490e9\" data-id=\"85490e9\" data-element_type=\"column\">\n\t\t\t<div class=\"elementor-widget-wrap elementor-element-populated\">\n\t\t\t\t\t\t<div class=\"elementor-element elementor-element-f0caef4 elementor-widget elementor-widget-image\" data-id=\"f0caef4\" data-element_type=\"widget\" data-widget_type=\"image.default\">\n\t\t\t\t<div class=\"elementor-widget-container\">\n\t\t\t\t\t\t\t\t\t\t\t\t\t\t\t<img loading=\"lazy\" decoding=\"async\" width=\"225\" height=\"300\" src=\"https:\/\/remerasparasublimar.ar\/wp-content\/uploads\/2024\/03\/remeras-para-sublimar-4-225x300.jpg\" class=\"attachment-medium size-medium wp-image-33\" alt=\"\" srcset=\"https:\/\/remerasparasublimar.ar\/wp-content\/uploads\/2024\/03\/remeras-para-sublimar-4-225x300.jpg 225w, https:\/\/remerasparasublimar.ar\/wp-content\/uploads\/2024\/03\/remeras-para-sublimar-4.jpg 433w\" sizes=\"(max-width: 225px) 100vw, 225px\" \/>\t\t\t\t\t\t\t\t\t\t\t\t\t\t\t<\/div>\n\t\t\t\t<\/div>\n\t\t\t\t\t<\/div>\n\t\t<\/div>\n\t\t\t\t\t<\/div>\n\t\t<\/section>\n\t\t\t\t<\/div>\n\t\t","protected":false},"excerpt":{"rendered":"<p>Personalizaci\u00f3n Exclusiva: Remeras para Sublimar de Primera Remeras para Sublimar: Estilo y comodidad se fusionan en nuestras prendas sublimables. Descubre c\u00f3mo cada remera refleja tu personalidad de manera \u00fanica. Dise\u00f1a tu Moda con Remeras para Sublimar de Alta Calidad Remeras para Sublimar: Crea tendencia con nuestras prendas de calidad. Desde colores vibrantes hasta estampados exclusivos,&hellip;&nbsp;<a href=\"https:\/\/remerasparasublimar.ar\/index.php\/remera-sublimable\/\" class=\"\" rel=\"bookmark\">Leer m\u00e1s &raquo;<span class=\"screen-reader-text\">Remeras Sublimable: Descubre la Magia de la Personalizaci\u00f3n<\/span><\/a><\/p>\n","protected":false},"author":1,"featured_media":0,"parent":0,"menu_order":0,"comment_status":"closed","ping_status":"closed","template":"","meta":{"neve_meta_sidebar":"","neve_meta_container":"","neve_meta_enable_content_width":"","neve_meta_content_width":0,"neve_meta_title_alignment":"","neve_meta_author_avatar":"","neve_post_elements_order":"","neve_meta_disable_header":"","neve_meta_disable_footer":"","neve_meta_disable_title":"","_joinchat":[],"footnotes":""},"class_list":["post-56","page","type-page","status-publish","hentry"],"yoast_head":"<!-- This site is optimized with the Yoast SEO plugin v25.3.1 - https:\/\/yoast.com\/wordpress\/plugins\/seo\/ -->\n<title>Remeras para Sublimar: Transforma tu guardarropas.<\/title>\n<meta name=\"description\" content=\"Remeras para Sublimar: Dise\u00f1os modernos y duraderos para personalizar tu moda. Explora nuestra gama y crea prendas \u00fanicas.\" \/>\n<meta name=\"robots\" content=\"index, follow, max-snippet:-1, max-image-preview:large, max-video-preview:-1\" \/>\n<link rel=\"canonical\" href=\"https:\/\/remerasparasublimar.ar\/index.php\/remera-sublimable\/\" \/>\n<meta property=\"og:locale\" content=\"es_ES\" \/>\n<meta property=\"og:type\" content=\"article\" \/>\n<meta property=\"og:title\" content=\"Remeras para Sublimar: Transforma tu guardarropas.\" \/>\n<meta property=\"og:description\" content=\"Remeras para Sublimar: Dise\u00f1os modernos y duraderos para personalizar tu moda. Explora nuestra gama y crea prendas \u00fanicas.\" \/>\n<meta property=\"og:url\" content=\"https:\/\/remerasparasublimar.ar\/index.php\/remera-sublimable\/\" \/>\n<meta property=\"og:site_name\" content=\"Remeras para Sublimar\" \/>\n<meta property=\"article:modified_time\" content=\"2024-03-13T15:32:25+00:00\" \/>\n<meta property=\"og:image\" content=\"http:\/\/remerasparasublimar.ar\/wp-content\/uploads\/2024\/03\/remeras-para-sublimar-1.jpg\" \/>\n<meta name=\"twitter:card\" content=\"summary_large_image\" \/>\n<meta name=\"twitter:label1\" content=\"Tiempo de lectura\" \/>\n\t<meta name=\"twitter:data1\" content=\"2 minutos\" \/>\n<script type=\"application\/ld+json\" class=\"yoast-schema-graph\">{\"@context\":\"https:\/\/schema.org\",\"@graph\":[{\"@type\":\"WebPage\",\"@id\":\"https:\/\/remerasparasublimar.ar\/index.php\/remera-sublimable\/\",\"url\":\"https:\/\/remerasparasublimar.ar\/index.php\/remera-sublimable\/\",\"name\":\"Remeras para Sublimar: Transforma tu guardarropas.\",\"isPartOf\":{\"@id\":\"https:\/\/remerasparasublimar.ar\/#website\"},\"primaryImageOfPage\":{\"@id\":\"https:\/\/remerasparasublimar.ar\/index.php\/remera-sublimable\/#primaryimage\"},\"image\":{\"@id\":\"https:\/\/remerasparasublimar.ar\/index.php\/remera-sublimable\/#primaryimage\"},\"thumbnailUrl\":\"http:\/\/remerasparasublimar.ar\/wp-content\/uploads\/2024\/03\/remeras-para-sublimar-1.jpg\",\"datePublished\":\"2024-03-13T14:30:21+00:00\",\"dateModified\":\"2024-03-13T15:32:25+00:00\",\"description\":\"Remeras para Sublimar: Dise\u00f1os modernos y duraderos para personalizar tu moda. Explora nuestra gama y crea prendas \u00fanicas.\",\"breadcrumb\":{\"@id\":\"https:\/\/remerasparasublimar.ar\/index.php\/remera-sublimable\/#breadcrumb\"},\"inLanguage\":\"es\",\"potentialAction\":[{\"@type\":\"ReadAction\",\"target\":[\"https:\/\/remerasparasublimar.ar\/index.php\/remera-sublimable\/\"]}]},{\"@type\":\"ImageObject\",\"inLanguage\":\"es\",\"@id\":\"https:\/\/remerasparasublimar.ar\/index.php\/remera-sublimable\/#primaryimage\",\"url\":\"http:\/\/remerasparasublimar.ar\/wp-content\/uploads\/2024\/03\/remeras-para-sublimar-1.jpg\",\"contentUrl\":\"http:\/\/remerasparasublimar.ar\/wp-content\/uploads\/2024\/03\/remeras-para-sublimar-1.jpg\"},{\"@type\":\"BreadcrumbList\",\"@id\":\"https:\/\/remerasparasublimar.ar\/index.php\/remera-sublimable\/#breadcrumb\",\"itemListElement\":[{\"@type\":\"ListItem\",\"position\":1,\"name\":\"Portada\",\"item\":\"https:\/\/remerasparasublimar.ar\/\"},{\"@type\":\"ListItem\",\"position\":2,\"name\":\"Remeras Sublimable: Descubre la Magia de la Personalizaci\u00f3n\"}]},{\"@type\":\"WebSite\",\"@id\":\"https:\/\/remerasparasublimar.ar\/#website\",\"url\":\"https:\/\/remerasparasublimar.ar\/\",\"name\":\"Remeras para Sublimar\",\"description\":\"Remeras para sublimar directo de f\u00e1brica\",\"potentialAction\":[{\"@type\":\"SearchAction\",\"target\":{\"@type\":\"EntryPoint\",\"urlTemplate\":\"https:\/\/remerasparasublimar.ar\/?s={search_term_string}\"},\"query-input\":{\"@type\":\"PropertyValueSpecification\",\"valueRequired\":true,\"valueName\":\"search_term_string\"}}],\"inLanguage\":\"es\"}]}<\/script>\n<!-- \/ Yoast SEO plugin. -->","yoast_head_json":{"title":"Remeras para Sublimar: Transforma tu guardarropas.","description":"Remeras para Sublimar: Dise\u00f1os modernos y duraderos para personalizar tu moda. Explora nuestra gama y crea prendas \u00fanicas.","robots":{"index":"index","follow":"follow","max-snippet":"max-snippet:-1","max-image-preview":"max-image-preview:large","max-video-preview":"max-video-preview:-1"},"canonical":"https:\/\/remerasparasublimar.ar\/index.php\/remera-sublimable\/","og_locale":"es_ES","og_type":"article","og_title":"Remeras para Sublimar: Transforma tu guardarropas.","og_description":"Remeras para Sublimar: Dise\u00f1os modernos y duraderos para personalizar tu moda. Explora nuestra gama y crea prendas \u00fanicas.","og_url":"https:\/\/remerasparasublimar.ar\/index.php\/remera-sublimable\/","og_site_name":"Remeras para Sublimar","article_modified_time":"2024-03-13T15:32:25+00:00","og_image":[{"url":"http:\/\/remerasparasublimar.ar\/wp-content\/uploads\/2024\/03\/remeras-para-sublimar-1.jpg","type":"","width":"","height":""}],"twitter_card":"summary_large_image","twitter_misc":{"Tiempo de lectura":"2 minutos"},"schema":{"@context":"https:\/\/schema.org","@graph":[{"@type":"WebPage","@id":"https:\/\/remerasparasublimar.ar\/index.php\/remera-sublimable\/","url":"https:\/\/remerasparasublimar.ar\/index.php\/remera-sublimable\/","name":"Remeras para Sublimar: Transforma tu guardarropas.","isPartOf":{"@id":"https:\/\/remerasparasublimar.ar\/#website"},"primaryImageOfPage":{"@id":"https:\/\/remerasparasublimar.ar\/index.php\/remera-sublimable\/#primaryimage"},"image":{"@id":"https:\/\/remerasparasublimar.ar\/index.php\/remera-sublimable\/#primaryimage"},"thumbnailUrl":"http:\/\/remerasparasublimar.ar\/wp-content\/uploads\/2024\/03\/remeras-para-sublimar-1.jpg","datePublished":"2024-03-13T14:30:21+00:00","dateModified":"2024-03-13T15:32:25+00:00","description":"Remeras para Sublimar: Dise\u00f1os modernos y duraderos para personalizar tu moda. Explora nuestra gama y crea prendas \u00fanicas.","breadcrumb":{"@id":"https:\/\/remerasparasublimar.ar\/index.php\/remera-sublimable\/#breadcrumb"},"inLanguage":"es","potentialAction":[{"@type":"ReadAction","target":["https:\/\/remerasparasublimar.ar\/index.php\/remera-sublimable\/"]}]},{"@type":"ImageObject","inLanguage":"es","@id":"https:\/\/remerasparasublimar.ar\/index.php\/remera-sublimable\/#primaryimage","url":"http:\/\/remerasparasublimar.ar\/wp-content\/uploads\/2024\/03\/remeras-para-sublimar-1.jpg","contentUrl":"http:\/\/remerasparasublimar.ar\/wp-content\/uploads\/2024\/03\/remeras-para-sublimar-1.jpg"},{"@type":"BreadcrumbList","@id":"https:\/\/remerasparasublimar.ar\/index.php\/remera-sublimable\/#breadcrumb","itemListElement":[{"@type":"ListItem","position":1,"name":"Portada","item":"https:\/\/remerasparasublimar.ar\/"},{"@type":"ListItem","position":2,"name":"Remeras Sublimable: Descubre la Magia de la Personalizaci\u00f3n"}]},{"@type":"WebSite","@id":"https:\/\/remerasparasublimar.ar\/#website","url":"https:\/\/remerasparasublimar.ar\/","name":"Remeras para Sublimar","description":"Remeras para sublimar directo de f\u00e1brica","potentialAction":[{"@type":"SearchAction","target":{"@type":"EntryPoint","urlTemplate":"https:\/\/remerasparasublimar.ar\/?s={search_term_string}"},"query-input":{"@type":"PropertyValueSpecification","valueRequired":true,"valueName":"search_term_string"}}],"inLanguage":"es"}]}},"_links":{"self":[{"href":"https:\/\/remerasparasublimar.ar\/index.php\/wp-json\/wp\/v2\/pages\/56"}],"collection":[{"href":"https:\/\/remerasparasublimar.ar\/index.php\/wp-json\/wp\/v2\/pages"}],"about":[{"href":"https:\/\/remerasparasublimar.ar\/index.php\/wp-json\/wp\/v2\/types\/page"}],"author":[{"embeddable":true,"href":"https:\/\/remerasparasublimar.ar\/index.php\/wp-json\/wp\/v2\/users\/1"}],"replies":[{"embeddable":true,"href":"https:\/\/remerasparasublimar.ar\/index.php\/wp-json\/wp\/v2\/comments?post=56"}],"version-history":[{"count":23,"href":"https:\/\/remerasparasublimar.ar\/index.php\/wp-json\/wp\/v2\/pages\/56\/revisions"}],"predecessor-version":[{"id":84,"href":"https:\/\/remerasparasublimar.ar\/index.php\/wp-json\/wp\/v2\/pages\/56\/revisions\/84"}],"wp:attachment":[{"href":"https:\/\/remerasparasublimar.ar\/index.php\/wp-json\/wp\/v2\/media?parent=56"}],"curies":[{"name":"wp","href":"https:\/\/api.w.org\/{rel}","templated":true}]}}